{"id":6,"date":"2024-02-12T22:11:10","date_gmt":"2024-02-12T22:11:10","guid":{"rendered":"https:\/\/khalid-excursions.com\/?page_id=6"},"modified":"2024-02-13T00:27:55","modified_gmt":"2024-02-13T00:27:55","slug":"accueil","status":"publish","type":"page","link":"https:\/\/khalid-excursions.com\/","title":{"rendered":"Accueil"},"content":{"rendered":"\t\t<div data-elementor-type=\"wp-page\" data-elementor-id=\"6\" class=\"elementor elementor-6\">\n\t\t\t\t<div class=\"elementor-element elementor-element-c1e80e3 e-flex e-con-boxed e-con e-parent\" data-id=\"c1e80e3\" data-element_type=\"container\" data-settings=\"{&quot;content_width&quot;:&quot;boxed&quot;}\" data-core-v316-plus=\"true\">\n\t\t\t\t\t<div class=\"e-con-inner\">\n\t\t\t\t<div class=\"elementor-element elementor-element-656c5981 elementor-widget elementor-widget-text-editor\" data-id=\"656c5981\" data-element_type=\"widget\" data-widget_type=\"text-editor.default\">\n\t\t\t\t<div class=\"elementor-widget-container\">\n\t\t\t<style>\/*! elementor - v3.19.0 - 28-02-2024 *\/\n.elementor-widget-text-editor.elementor-drop-cap-view-stacked .elementor-drop-cap{background-color:#69727d;color:#fff}.elementor-widget-text-editor.elementor-drop-cap-view-framed .elementor-drop-cap{color:#69727d;border:3px solid;background-color:transparent}.elementor-widget-text-editor:not(.elementor-drop-cap-view-default) .elementor-drop-cap{margin-top:8px}.elementor-widget-text-editor:not(.elementor-drop-cap-view-default) .elementor-drop-cap-letter{width:1em;height:1em}.elementor-widget-text-editor .elementor-drop-cap{float:left;text-align:center;line-height:1;font-size:50px}.elementor-widget-text-editor .elementor-drop-cap-letter{display:inline-block}<\/style>\t\t\t\t<!-- wp:paragraph -->\n<p>Bonjour,<\/p>\n<p>Je m&rsquo;appelle Khalid Zarlhoul<\/p>\n<p>Je suis ce qu&rsquo;on appelle \u00e0 Marrakech, plus particuli\u00e8rement au Maroc, un guide officiel de montagne par opposition aux guides de villes (ceux qui vous font visiter les muses). J&rsquo;ai obtenu le formidable privil\u00e8ge de pouvoir faire visiter mon pays, je peux vous accompagner sur le territoire marocain en pleine confiance et en toute securite.<\/p>\n<p>Vous \u00eates arriv\u00e9 sur ce site par hasard, vous souhaitez vous rendre au Maroc pour la premi\u00e8re fois de votre vie ? vous \u00eates inquiet et c&rsquo;est normal ? vous recherchez des id\u00e9es pour visiter ce pays, vous ne savez pas tr\u00e8s bien ce que vous allez pouvoir faire ? Si vous avez des enfants et un tout petit budget, sachez qu&rsquo;\u00e0 Mararkech il y a un Hypermarch\u00e9 Carrefour o\u00f9 vous pourrez effectuer vos courses comme en France avec les m\u00eames produits&#8230;<\/p>\n<p>Je suis celui qui pourra vous faire visiter Marrakech, sa m\u00e9dina, le d\u00e9sert, la vallee de l&rsquo;ourika, les tombeaux Saadiens, le palais de la Bahia, la koutoubia, le souk et tout ce qu&rsquo;il y a de plus typique, de plus beau, de plus v\u00e9ritable au Maroc ? Vous envisagez de faire une excursion d&rsquo;un ou plusieurs jours ou une simple visite d&rsquo;un site particulier ?<\/p>\n<p>Je peux vous prendre en charge d\u00e9s votre arriv\u00e9e au Maroc. Je poss\u00e8de des v\u00e9hicules climatis\u00e9s, des mini bus. Vous avez des enfants ? vous vous posez des questions les concernant, pas de probl\u00e8mes j&rsquo;ai aussi des enfants, j&rsquo;ai aussi une femme, je sais mieux que personne ce qu&rsquo;ils sont capables de supporter dans mon Pays. Vous voulez visitez Marrakech tranquillement, sans vous faire agresser par les vendeurs, je sais ou vous emmener, vous voulez faire une cure de sable avec massage et tout et tout, vous voulez vous rendre dans le desert \u00e0 dos de chameaux (je plaisant il n&rsquo;y a pas de chameaux au Maroc, seulement des dromadaires!!), je sais ou aller, vous voulez acheter des huiles essentielles, des babouches, des tapis fabriqu\u00e9s par les berb\u00e8res, je sais ou les trouver je suis pour moiti\u00e9 Berebere et pour un autre moiti\u00e9 Arabe), vous voulez ramener des cadeaux \u00e0 votre famille, je sais ou les acheter pas cher, tout ce que vous vous demandez sur le Maroc je le connais, je vous raconterais le Maroc et je vous ferais profiter de ses richesses si vous m&rsquo;accordez votre confiance.<\/p>\n<p>Sur ce site, vous trouverez des photos, d&rsquo;excursions que j&rsquo;ai d\u00e9j\u00e0 men\u00e9es avec des clients ou des amis, vous trouverez aussi des exemples de prix, des t\u00e9moignages de clients, vous trouverez un lien vers un documentaire t\u00e9l\u00e9vis\u00e9 dans lequel j&rsquo;ai particip\u00e9 et dont je suis tr\u00e8s fier.<\/p>\n<p>Vous vous dites que vous venez de trouver la perle rare ? non, juste un gars qui est passionn\u00e9 par son travail. Ce site n&rsquo;est pas un site commercial classique, mais bon il est comme moi, je ne suis pas une entreprise, je suis un artisan, je bosse tout seul et je g\u00e8re une petite structure. Le site internet celui l\u00e0 m\u00eame que vous \u00eates en train de lire se pr\u00e9sente sous la forme d&rsquo;un blog avec quelques \u00e9changes de discussions avec mes clients et mes amis. Dans la partie gauche du site vous trouverez des exemples d&rsquo;excursions, de visites et \u00e9videmment de tarifs. Je dis bien des exemples car rien n&rsquo;est fig\u00e9, tout peut \u00e9voluer en fonction de vos souhaits, de vos contraintes et de vos envies. Contactez moi, par email ou par t\u00e9l\u00e9phone ou encore par le formulaire de contact situ\u00e9 sur la partie droite, je crois bien.<\/p>\n<!-- \/wp:paragraph -->\t\t\t\t\t\t<\/div>\n\t\t\t\t<\/div>\n\t\t\t\t\t<\/div>\n\t\t\t\t<\/div>\n\t\t\t\t<\/div>\n\t\t","protected":false},"excerpt":{"rendered":"<p>Bonjour, Je m&rsquo;appelle Khalid Zarlhoul Je suis ce qu&rsquo;on appelle \u00e0 Marrakech, plus particuli\u00e8rement au Maroc, un guide officiel de montagne par opposition aux guides de villes (ceux qui vous font visiter les muses). J&rsquo;ai obtenu le formidable privil\u00e8ge de pouvoir faire visiter mon pays, je peux vous accompagner sur le territoire marocain en pleine [&hellip;]<\/p>\n","protected":false},"author":1,"featured_media":0,"parent":0,"menu_order":0,"comment_status":"closed","ping_status":"closed","template":"elementor_header_footer","meta":{"ocean_post_layout":"","ocean_both_sidebars_style":"","ocean_both_sidebars_content_width":0,"ocean_both_sidebars_sidebars_width":0,"ocean_sidebar":"","ocean_second_sidebar":"","ocean_disable_margins":"enable","ocean_add_body_class":"","ocean_shortcode_before_top_bar":"","ocean_shortcode_after_top_bar":"","ocean_shortcode_before_header":"","ocean_shortcode_after_header":"","ocean_has_shortcode":"","ocean_shortcode_after_title":"","ocean_shortcode_before_footer_widgets":"","ocean_shortcode_after_footer_widgets":"","ocean_shortcode_before_footer_bottom":"","ocean_shortcode_after_footer_bottom":"","ocean_display_top_bar":"default","ocean_display_header":"default","ocean_header_style":"","ocean_center_header_left_menu":"","ocean_custom_header_template":"","ocean_custom_logo":0,"ocean_custom_retina_logo":0,"ocean_custom_logo_max_width":0,"ocean_custom_logo_tablet_max_width":0,"ocean_custom_logo_mobile_max_width":0,"ocean_custom_logo_max_height":0,"ocean_custom_logo_tablet_max_height":0,"ocean_custom_logo_mobile_max_height":0,"ocean_header_custom_menu":"","ocean_menu_typo_font_family":"","ocean_menu_typo_font_subset":"","ocean_menu_typo_font_size":0,"ocean_menu_typo_font_size_tablet":0,"ocean_menu_typo_font_size_mobile":0,"ocean_menu_typo_font_size_unit":"px","ocean_menu_typo_font_weight":"","ocean_menu_typo_font_weight_tablet":"","ocean_menu_typo_font_weight_mobile":"","ocean_menu_typo_transform":"","ocean_menu_typo_transform_tablet":"","ocean_menu_typo_transform_mobile":"","ocean_menu_typo_line_height":0,"ocean_menu_typo_line_height_tablet":0,"ocean_menu_typo_line_height_mobile":0,"ocean_menu_typo_line_height_unit":"","ocean_menu_typo_spacing":0,"ocean_menu_typo_spacing_tablet":0,"ocean_menu_typo_spacing_mobile":0,"ocean_menu_typo_spacing_unit":"","ocean_menu_link_color":"","ocean_menu_link_color_hover":"","ocean_menu_link_color_active":"","ocean_menu_link_background":"","ocean_menu_link_hover_background":"","ocean_menu_link_active_background":"","ocean_menu_social_links_bg":"","ocean_menu_social_hover_links_bg":"","ocean_menu_social_links_color":"","ocean_menu_social_hover_links_color":"","ocean_disable_title":"default","ocean_disable_heading":"default","ocean_post_title":"","ocean_post_subheading":"","ocean_post_title_style":"","ocean_post_title_background_color":"","ocean_post_title_background":0,"ocean_post_title_bg_image_position":"","ocean_post_title_bg_image_attachment":"","ocean_post_title_bg_image_repeat":"","ocean_post_title_bg_image_size":"","ocean_post_title_height":0,"ocean_post_title_bg_overlay":0.5,"ocean_post_title_bg_overlay_color":"","ocean_disable_breadcrumbs":"default","ocean_breadcrumbs_color":"","ocean_breadcrumbs_separator_color":"","ocean_breadcrumbs_links_color":"","ocean_breadcrumbs_links_hover_color":"","ocean_display_footer_widgets":"default","ocean_display_footer_bottom":"default","ocean_custom_footer_template":"","footnotes":""},"class_list":["post-6","page","type-page","status-publish","hentry","entry"],"_links":{"self":[{"href":"https:\/\/khalid-excursions.com\/index.php?rest_route=\/wp\/v2\/pages\/6","targetHints":{"allow":["GET"]}}],"collection":[{"href":"https:\/\/khalid-excursions.com\/index.php?rest_route=\/wp\/v2\/pages"}],"about":[{"href":"https:\/\/khalid-excursions.com\/index.php?rest_route=\/wp\/v2\/types\/page"}],"author":[{"embeddable":true,"href":"https:\/\/khalid-excursions.com\/index.php?rest_route=\/wp\/v2\/users\/1"}],"replies":[{"embeddable":true,"href":"https:\/\/khalid-excursions.com\/index.php?rest_route=%2Fwp%2Fv2%2Fcomments&post=6"}],"version-history":[{"count":4,"href":"https:\/\/khalid-excursions.com\/index.php?rest_route=\/wp\/v2\/pages\/6\/revisions"}],"predecessor-version":[{"id":77,"href":"https:\/\/khalid-excursions.com\/index.php?rest_route=\/wp\/v2\/pages\/6\/revisions\/77"}],"wp:attachment":[{"href":"https:\/\/khalid-excursions.com\/index.php?rest_route=%2Fwp%2Fv2%2Fmedia&parent=6"}],"curies":[{"name":"wp","href":"https:\/\/api.w.org\/{rel}","templated":true}]}}